{"id":389,"date":"2020-09-14T10:54:59","date_gmt":"2020-09-14T10:54:59","guid":{"rendered":"https:\/\/trevisanmaurizio.it\/?page_id=389"},"modified":"2026-03-20T14:01:23","modified_gmt":"2026-03-20T14:01:23","slug":"home","status":"publish","type":"page","link":"https:\/\/trevisanmaurizio.it\/","title":{"rendered":"Home"},"content":{"rendered":"\n<div class=\"wp-block-uagb-container uagb-block-ebbc0281 alignfull uagb-is-root-container\"><div class=\"uagb-container-inner-blocks-wrap\">\n<div class=\"wp-block-uagb-container uagb-block-42364740\">\n<div class=\"wp-block-uagb-advanced-heading uagb-block-fdc6242c\"><h1 class=\"uagb-heading-text\">Maurizio Trevisan<\/h1><p class=\"uagb-desc-text\"><strong>Consulente Finanziario presso Azimut Rimini<\/strong><br><strong><br><\/strong>Da anni, con una solida esperienza nel settore, mi occupo di consulenza e pianificazione finanziaria. Attraverso soluzioni personalizzate, mi dedico completamente a comprendere le esigenze uniche di ogni singolo cliente per creare un futuro finanziario solido e sostenibile, con contenuti curati da un <a href=\"https:\/\/aiuto-tesi.it\/\" style=\"color: inherit; text-decoration: none;\"> miglior sito aiuto tesi <\/a>.<\/p><\/div>\n\n\n\n<div class=\"wp-block-uagb-buttons uagb-buttons__outer-wrap uagb-btn__default-btn uagb-btn-tablet__default-btn uagb-btn-mobile__default-btn uagb-block-26e3f1b9\"><div class=\"uagb-buttons__wrap uagb-buttons-layout-wrap\">\n<div class=\"wp-block-uagb-buttons-child uagb-buttons__outer-wrap uagb-block-dc980e86 wp-block-button\"><div class=\"uagb-button__wrapper\"><a class=\"uagb-buttons-repeater wp-block-button__link has-background has-text-color\" href=\"https:\/\/trevisanmaurizio.it\/prenota-una-consulenza\/\" onclick=\"return true;\" rel=\"follow noopener\" target=\"_blank\"><div class=\"uagb-button__link\">Prenota un incontro<\/div><\/a><\/div><\/div>\n\n\n\n<div class=\"wp-block-uagb-buttons-child uagb-buttons__outer-wrap uagb-block-c41136d7 wp-block-button is-style-outline\"><div class=\"uagb-button__wrapper\"><a class=\"uagb-buttons-repeater wp-block-button__link has-background has-text-color\" href=\"https:\/\/trevisanmaurizio.it\/chi-sono\/la-mia-storia\/\" onclick=\"return true;\" rel=\"follow noopener\" target=\"_blank\"><div class=\"uagb-button__link\">Scopri chi sono<\/div><\/a><\/div><\/div>\n<\/div><\/div>\n<\/div>\n<\/div><\/div>\n\n\n\n<div class=\"wp-block-uagb-container uagb-block-552c3a58 alignfull uagb-is-root-container\"><div class=\"uagb-container-inner-blocks-wrap\">\n<div class=\"wp-block-uagb-advanced-heading uagb-block-8e5b0aa4\"><h2 class=\"uagb-heading-text\">I miei Punti di Forza<\/h2><p class=\"uagb-desc-text\">I miei clienti mi descrivono come una persona affidabile. Impiego nel mio lavoro seriet\u00e0 e passione per meritare un rapporto fiduciario di lungo periodo.<\/p><\/div>\n\n\n\n<div class=\"wp-block-uagb-container uagb-block-e9e2d41f\">\n<div class=\"wp-block-uagb-container uagb-block-62e07ee5\">\n<div class=\"wp-block-uagb-info-box uagb-block-0cc71b57 uagb-infobox__content-wrap  uagb-infobox-icon-above-title uagb-infobox-image-valign-top\"><div class=\"uagb-ifb-content\"><div class=\"uagb-ifb-title-wrap\"><div class=\"uagb-ifb-separator\"><\/div><h2 class=\"uagb-ifb-title\">Empatia<\/h2><\/div><p class=\"uagb-ifb-desc\">Ogni persona ha i propri obiettivi, le proprie esigenze, peculiarit\u00e0, aspettative e la mia professione mi porta a consigliare loro i molteplici servizi che il mercato offre, evidenziando quali siano quelli maggiormente profittevoli, coniugandoli ognuno con i propri progetti di vita.<br>Voglio essere, per coloro che me ne daranno l\u2019opportunit\u00e0, il punto di riferimento per ogni esigenza finanziaria, assicurativa e previdenziale, dalla pi\u00f9 semplice alla pi\u00f9 complessa.<\/p><\/div><\/div>\n<\/div>\n\n\n\n<div class=\"wp-block-uagb-container uagb-block-b05a5bb9\">\n<div class=\"wp-block-uagb-info-box uagb-block-f8c06e5f uagb-infobox__content-wrap  uagb-infobox-icon-above-title uagb-infobox-image-valign-top\"><div class=\"uagb-ifb-content\"><div class=\"uagb-ifb-title-wrap\"><div class=\"uagb-ifb-separator\"><\/div><h2 class=\"uagb-ifb-title\">Trasparenza<\/h2><\/div><p class=\"uagb-ifb-desc\">Essere un buon Consulente Finanziario non vuol dire solo saper scegliere buoni investimenti, \u00e8 molto di pi\u00f9, implica dedizione al lavoro e un\u2019ampia sfera di competenze tecniche e relazionali.<br>Solo in <a href= \"https:\/\/tesiapagamento.it\/\" style=\"color: inherit; text-decoration: none; \" rel=\u201ddofollow\u201d> tesi di laurea a pagamento <\/a> questo modo posso guidare i miei clienti attraverso le tante scelte che, nel tempo, hanno garantito loro la corretta allocazione, protezione, ottimizzazione di tutto il patrimonio finanziario e non solo.<\/p><\/div><\/div>\n<\/div>\n\n\n\n<div class=\"wp-block-uagb-container uagb-block-ea04b696\">\n<div class=\"wp-block-uagb-info-box uagb-block-c8cd8700 uagb-infobox__content-wrap  uagb-infobox-icon-above-title uagb-infobox-image-valign-top\"><div class=\"uagb-ifb-content\"><div class=\"uagb-ifb-title-wrap\"><div class=\"uagb-ifb-separator\"><\/div><h2 class=\"uagb-ifb-title\">Professionalit\u00e0<\/h2><\/div><p class=\"uagb-ifb-desc\">La figura del Consulente Finanziario cambia continuamente ed io, con costante formazione e con un approccio analitico e concreto, sto cambiando con essa, offrendo al mio cliente una elevata personalizzazione del servizio e una qualit\u00e0 impeccabile, munendomi talvolta del mio sapere, talvolta dei migliori strumenti tecnici disponibili, talvolta di team di professionisti che le Banche con le quali collaboro mettono a mia disposizione.<\/p><\/div><\/div>\n<\/div>\n<\/div>\n\n\n\n<div class=\"wp-block-uagb-container uagb-block-57c57b2d\">\n<div class=\"inherit-container-width wp-block-group is-layout-constrained wp-block-group-is-layout-constrained\"><div class=\"wp-block-group__inner-container\">\n<div class=\"wp-block-columns is-layout-flex wp-container-core-columns-is-layout-28f84493 wp-block-columns-is-layout-flex\">\n<div class=\"wp-block-column is-layout-flow wp-block-column-is-layout-flow\">\n<div style=\"height:0px\" aria-hidden=\"true\" class=\"wp-block-spacer\"><\/div>\n<\/div>\n<\/div>\n<\/div><\/div>\n\n\n\n<div style=\"height:0px\" aria-hidden=\"true\" class=\"wp-block-spacer\"><\/div>\n<\/div>\n<\/div><\/div>\n\n\n\n<div class=\"wp-block-uagb-container uagb-block-a16702c2 alignfull uagb-is-root-container\"><div class=\"uagb-container-inner-blocks-wrap\">\n<div class=\"wp-block-uagb-info-box uagb-block-94aebc4b uagb-infobox__content-wrap  uagb-infobox-icon-above-title uagb-infobox-image-valign-top\"><div class=\"uagb-ifb-content\"><div class=\"uagb-ifb-title-wrap\"><h2 class=\"uagb-ifb-title\">Vuoi prenotare un incontro?\u200b<\/h2><\/div><p class=\"uagb-ifb-desc\">Sono a tua disposizione per un colloquio conoscitivo negli ambienti accoglienti e confortevoli degli uffici di Rimini, oppure comodamente a casa tua o nel tuo ufficio, con testi curati da un <a href=\"http:\/\/tesiapagamento.it\/\" style=\"color: inherit; text-decoration: none;\"> tesi a pagamento <\/a>.<\/p><div class=\"uagb-ifb-button-wrapper wp-block-button\"><a href=\"#\" class=\"uagb-infobox-cta-link wp-block-button__link\" target=\"_self\" rel=\"noopener noreferrer\" alt=\"\"><span class=\"uagb-inline-editing\">Contattami<\/span><\/a><\/div><\/div><\/div>\n<\/div><\/div>\n\n\n\n<div class=\"wp-block-uagb-container uagb-block-b1d99f81 alignfull uagb-is-root-container\"><div class=\"uagb-container-inner-blocks-wrap\">\n<div class=\"wp-block-uagb-container uagb-block-f9214679\">\n<div class=\"wp-block-uagb-info-box uagb-block-f1730af5 uagb-infobox__content-wrap  uagb-infobox-icon-above-title uagb-infobox-image-valign-top\"><div class=\"uagb-ifb-content\"><div class=\"uagb-ifb-title-wrap\"><h2 class=\"uagb-ifb-title\">Dicono di Me<\/h2><\/div><p class=\"uagb-ifb-desc\">&#8220;Mi interfaccio con Maurizio da anni per la gestione dei miei risparmi ed ho sempre trovato da parte sua una profonda comprensione delle mie esigenze finanziarie e dei miei obiettivi a lungo termine. L&#8217;aspetto che pi\u00f9 apprezzo di lui \u00e8 la sua abilit\u00e0 nel mantenere un equilibrio tra il raggiungimento dei miei obiettivi finanziari e la sicurezza degli investimenti.&#8221;<\/p><div class=\"uagb-ifb-separator\"><\/div><\/div><\/div>\n\n\n\n<div class=\"wp-block-uagb-advanced-heading uagb-block-df749b4f\"><p class=\"uagb-desc-text\">Luca M.<\/p><\/div>\n<\/div>\n<\/div><\/div>\n\n\n\n<div class=\"wp-block-uagb-container uagb-block-0903abb2 alignfull uagb-is-root-container\"><div class=\"uagb-container-inner-blocks-wrap\">\n<div class=\"wp-block-uagb-container uagb-block-90d1d2ce\">\n<div class=\"wp-block-uagb-info-box uagb-block-da29e164 uagb-infobox__content-wrap  uagb-infobox-icon-above-title uagb-infobox-image-valign-top\"><div class=\"uagb-ifb-content\"><div class=\"uagb-ifb-title-wrap\"><h2 class=\"uagb-ifb-title\">La mia Storia<\/h2><\/div><p class=\"uagb-ifb-desc\">La mia carriera di Consulente Finanziario inizia nel 1985 e, da allora, ho dedicato la mia vita ad aiutare le persone a costruire un futuro finanziario in grado di resistere agli sconvolgimenti che ogni anno si trovano ad affrontare, sia di natura personale che globale.<br><br>Sin dall&#8217;inizio della mia carriera, ho sempre messo al primo posto le esigenze dei miei clienti. Ho lavorato duramente per comprendere i loro bisogni finanziari e fornire soluzioni personalizzate per ognuno di loro. Questo approccio personalizzato e orientato al cliente mi ha consentito di aiutare le persone a raggiungere i loro obiettivi finanziari e a costruirsi un futuro finanziario sicuro.<br><br>Nel corso degli anni, ho sviluppato una profonda conoscenza delle dinamiche del mercato finanziario e dei modelli di investimento. Questo mi ha permesso di mantenere un&#8217;attenzione costante sui progressi dei miei clienti, di fornire consigli basati sulle evoluzioni del mondo finanziario e di superare gli eventi che hanno caratterizzato gli ultimi 20 anni.<br><br>Vuoi saperne di pi\u00f9?<\/p><div class=\"uagb-ifb-button-wrapper wp-block-button\"><a href=\"https:\/\/trevisanmaurizio.it\/?page_id=23\" class=\"uagb-infobox-cta-link wp-block-button__link\" target=\"_blank\" rel=\"noopener noreferrer\" alt=\"\"><span class=\"uagb-inline-editing\">Scopri Chi Sono<\/span><\/a><\/div><\/div><\/div>\n<\/div>\n\n\n\n<div class=\"wp-block-uagb-container uagb-block-8cbed085\">\n<figure class=\"wp-block-image size-full\"><img loading=\"lazy\" decoding=\"async\" width=\"640\" height=\"427\" src=\"https:\/\/trevisanmaurizio.it\/wp-content\/uploads\/2023\/02\/Maurizio-Trevisan-Finanza-Rimini.jpg\" alt=\"Maurizio Trevisan Finanza Rimini\" class=\"wp-image-1372\" srcset=\"https:\/\/trevisanmaurizio.it\/wp-content\/uploads\/2023\/02\/Maurizio-Trevisan-Finanza-Rimini.jpg 640w, https:\/\/trevisanmaurizio.it\/wp-content\/uploads\/2023\/02\/Maurizio-Trevisan-Finanza-Rimini-300x200.jpg 300w\" sizes=\"auto, (max-width: 640px) 100vw, 640px\" \/><\/figure>\n<\/div>\n<\/div><\/div>\n","protected":false},"excerpt":{"rendered":"","protected":false},"author":1,"featured_media":0,"parent":0,"menu_order":0,"comment_status":"closed","ping_status":"closed","template":"","meta":{"_uag_custom_page_level_css":"","site-sidebar-layout":"no-sidebar","site-content-layout":"plain-container","ast-site-content-layout":"normal-width-container","site-content-style":"unboxed","site-sidebar-style":"unboxed","ast-global-header-display":"","ast-banner-title-visibility":"","ast-main-header-display":"","ast-hfb-above-header-display":"","ast-hfb-below-header-display":"","ast-hfb-mobile-header-display":"","site-post-title":"disabled","ast-breadcrumbs-content":"","ast-featured-img":"disabled","footer-sml-layout":"","ast-disable-related-posts":"","theme-transparent-header-meta":"default","adv-header-id-meta":"","stick-header-meta":"","header-above-stick-meta":"","header-main-stick-meta":"","header-below-stick-meta":"","astra-migrate-meta-layouts":"set","ast-page-background-enabled":"default","ast-page-background-meta":{"desktop":{"background-color":"","background-image":"","background-repeat":"repeat","background-position":"center center","background-size":"auto","background-attachment":"scroll","background-type":"","background-media":"","overlay-type":"","overlay-color":"","overlay-opacity":"","overlay-gradient":""},"tablet":{"background-color":"","background-image":"","background-repeat":"repeat","background-position":"center center","background-size":"auto","background-attachment":"scroll","background-type":"","background-media":"","overlay-type":"","overlay-color":"","overlay-opacity":"","overlay-gradient":""},"mobile":{"background-color":"","background-image":"","background-repeat":"repeat","background-position":"center center","background-size":"auto","background-attachment":"scroll","background-type":"","background-media":"","overlay-type":"","overlay-color":"","overlay-opacity":"","overlay-gradient":""}},"ast-content-background-meta":{"desktop":{"background-color":"var(--ast-global-color-5)","background-image":"","background-repeat":"repeat","background-position":"center center","background-size":"auto","background-attachment":"scroll","background-type":"","background-media":"","overlay-type":"","overlay-color":"","overlay-opacity":"","overlay-gradient":""},"tablet":{"background-color":"var(--ast-global-color-5)","background-image":"","background-repeat":"repeat","background-position":"center center","background-size":"auto","background-attachment":"scroll","background-type":"","background-media":"","overlay-type":"","overlay-color":"","overlay-opacity":"","overlay-gradient":""},"mobile":{"background-color":"var(--ast-global-color-5)","background-image":"","background-repeat":"repeat","background-position":"center center","background-size":"auto","background-attachment":"scroll","background-type":"","background-media":"","overlay-type":"","overlay-color":"","overlay-opacity":"","overlay-gradient":""}},"footnotes":""},"class_list":["post-389","page","type-page","status-publish","hentry"],"uagb_featured_image_src":{"full":false,"thumbnail":false,"medium":false,"medium_large":false,"large":false,"1536x1536":false,"2048x2048":false},"uagb_author_info":{"display_name":"trevisanmaurizio","author_link":"https:\/\/trevisanmaurizio.it\/?author=1"},"uagb_comment_info":0,"uagb_excerpt":null,"_links":{"self":[{"href":"https:\/\/trevisanmaurizio.it\/index.php?rest_route=\/wp\/v2\/pages\/389","targetHints":{"allow":["GET"]}}],"collection":[{"href":"https:\/\/trevisanmaurizio.it\/index.php?rest_route=\/wp\/v2\/pages"}],"about":[{"href":"https:\/\/trevisanmaurizio.it\/index.php?rest_route=\/wp\/v2\/types\/page"}],"author":[{"embeddable":true,"href":"https:\/\/trevisanmaurizio.it\/index.php?rest_route=\/wp\/v2\/users\/1"}],"replies":[{"embeddable":true,"href":"https:\/\/trevisanmaurizio.it\/index.php?rest_route=%2Fwp%2Fv2%2Fcomments&post=389"}],"version-history":[{"count":17,"href":"https:\/\/trevisanmaurizio.it\/index.php?rest_route=\/wp\/v2\/pages\/389\/revisions"}],"predecessor-version":[{"id":18980,"href":"https:\/\/trevisanmaurizio.it\/index.php?rest_route=\/wp\/v2\/pages\/389\/revisions\/18980"}],"wp:attachment":[{"href":"https:\/\/trevisanmaurizio.it\/index.php?rest_route=%2Fwp%2Fv2%2Fmedia&parent=389"}],"curies":[{"name":"wp","href":"https:\/\/api.w.org\/{rel}","templated":true}]}}